{"id":204,"date":"2023-07-12T09:54:25","date_gmt":"2023-07-12T14:54:25","guid":{"rendered":"https:\/\/bestfriendsmark.com\/?page_id=204"},"modified":"2023-09-18T12:10:57","modified_gmt":"2023-09-18T17:10:57","slug":"cookies","status":"publish","type":"page","link":"https:\/\/bestfriendsmark.com\/index.php\/cookies\/","title":{"rendered":"COOKIES"},"content":{"rendered":"\t\t<div data-elementor-type=\"wp-page\" data-elementor-id=\"204\" class=\"elementor elementor-204\">\n\t\t\t\t\t\t<section class=\"elementor-section elementor-top-section elementor-element elementor-element-5209ac5 elementor-section-boxed elementor-section-height-default elementor-section-height-default\" data-id=\"5209ac5\" data-element_type=\"section\" data-settings=\"{&quot;background_background&quot;:&quot;classic&quot;}\">\n\t\t\t\t\t\t\t<div class=\"elementor-background-overlay\"><\/div>\n\t\t\t\t\t\t\t<div class=\"elementor-container elementor-column-gap-default\">\n\t\t\t\t\t<div class=\"elementor-column elementor-col-100 elementor-top-column elementor-element elementor-element-76b369a\" data-id=\"76b369a\" data-element_type=\"column\">\n\t\t\t<div class=\"elementor-widget-wrap elementor-element-populated\">\n\t\t\t\t\t\t<div class=\"elementor-element elementor-element-c7e0dd6 elementor-widget elementor-widget-heading\" data-id=\"c7e0dd6\" data-element_type=\"widget\" data-widget_type=\"heading.default\">\n\t\t\t\t<div class=\"elementor-widget-container\">\n\t\t\t<style>\/*! elementor - v3.23.0 - 05-08-2024 *\/\n.elementor-heading-title{padding:0;margin:0;line-height:1}.elementor-widget-heading .elementor-heading-title[class*=elementor-size-]>a{color:inherit;font-size:inherit;line-height:inherit}.elementor-widget-heading .elementor-heading-title.elementor-size-small{font-size:15px}.elementor-widget-heading .elementor-heading-title.elementor-size-medium{font-size:19px}.elementor-widget-heading .elementor-heading-title.elementor-size-large{font-size:29px}.elementor-widget-heading .elementor-heading-title.elementor-size-xl{font-size:39px}.elementor-widget-heading .elementor-heading-title.elementor-size-xxl{font-size:59px}<\/style><h2 class=\"elementor-heading-title elementor-size-default\"><br><br><br><br>Tratamiento de datos personales a trav\u00e9s de las Cookies.<\/h2>\t\t<\/div>\n\t\t\t\t<\/div>\n\t\t\t\t<div class=\"elementor-element elementor-element-c1bd779 elementor-widget elementor-widget-text-editor\" data-id=\"c1bd779\" data-element_type=\"widget\" data-widget_type=\"text-editor.default\">\n\t\t\t\t<div class=\"elementor-widget-container\">\n\t\t\t<style>\/*! elementor - v3.23.0 - 05-08-2024 *\/\n.elementor-widget-text-editor.elementor-drop-cap-view-stacked .elementor-drop-cap{background-color:#69727d;color:#fff}.elementor-widget-text-editor.elementor-drop-cap-view-framed .elementor-drop-cap{color:#69727d;border:3px solid;background-color:transparent}.elementor-widget-text-editor:not(.elementor-drop-cap-view-default) .elementor-drop-cap{margin-top:8px}.elementor-widget-text-editor:not(.elementor-drop-cap-view-default) .elementor-drop-cap-letter{width:1em;height:1em}.elementor-widget-text-editor .elementor-drop-cap{float:left;text-align:center;line-height:1;font-size:50px}.elementor-widget-text-editor .elementor-drop-cap-letter{display:inline-block}<\/style>\t\t\t\t<p class=\"texto_noticias\">Las cookies son archivos que recogen informaci\u00f3n a trav\u00e9s de una p\u00e1gina web sobre los h\u00e1bitos de navegaci\u00f3n de un usuario o de su equipo y eventualmente podr\u00edan conformar una base de datos de acuerdo a la definici\u00f3n legal de la Ley 1581 de 2012 al recolectar datos personales conforme a las siguientes caracter\u00edsticas: (i) est\u00e1n referidos a aspectos exclusivos y propios de una persona natural, ii) permiten identificar a la persona, en mayor o menor medida, gracias a la visi\u00f3n de conjunto que se logre con el mismo y con otros datos; iii) su propiedad reside exclusivamente en el titular del mismo, situaci\u00f3n que no se altera por su obtenci\u00f3n por parte de un tercero de manera l\u00edcita o il\u00edcita, y iv) su tratamiento est\u00e1 sometido a reglas especiales (principios) en lo relativo a su captaci\u00f3n, administraci\u00f3n y divulgaci\u00f3n; caso en el cual, el responsable deber\u00e1 ce\u00f1irse por las normas sobre protecci\u00f3n de datos vigentes en Colombia, en especial la aplicaci\u00f3n de los principios rectores para la administraci\u00f3n de datos de legalidad, finalidad, libertad, veracidad o calidad, transparencia, acceso y circulaci\u00f3n restringida, seguridad y confidencialidad consagrados en el art\u00edculo 4 de la Ley 1581 de 2012.<\/p><h3>\u00bfQU\u00c9 SON LAS COOKIES?<\/h3><p>Una cookie es un fichero que se descarga en su ordenador al\u00a0acceder a determinadas p\u00e1ginas web. Las cookies permiten a una p\u00e1gina web,\u00a0entre otras cosas, almacenar y recuperar informaci\u00f3n sobre los h\u00e1bitos de\u00a0navegaci\u00f3n de un usuario o de su equipo y, dependiendo de la informaci\u00f3n que\u00a0contengan y de la forma en que utilice su equipo, pueden utilizarse para\u00a0reconocer al usuario.\u00a0<\/p><h3>\u00bfQU\u00c9 TIPOS DE COOKIES UTILIZA ESTA P\u00c1GINA WEB?<\/h3><p>Esta p\u00e1gina web utiliza los siguientes tipos de cookies:<\/p><p><strong>Cookies de an\u00e1lisis<\/strong>: Son aqu\u00e9llas que bien tratadas por nosotros, nos permiten cuantificar el n\u00famero de usuarios y as\u00ed realizar la\u00a0medici\u00f3n y an\u00e1lisis estad\u00edstico de la utilizaci\u00f3n que hacen los usuarios del\u00a0servicio ofertado. Para ello se analiza su navegaci\u00f3n en nuestra p\u00e1gina web\u00a0con el fin de mejorar la oferta de productos o servicios que le ofrecemos.<\/p><p><strong>Cookies t\u00e9cnicas<\/strong>: Son aquellas que permiten al usuario la navegaci\u00f3n a trav\u00e9s del \u00e1rea restringida y la utilizaci\u00f3n de sus diferentes funciones, como por ejemplo, llevar a cambio el proceso de compra de un art\u00edculo.<\/p><p><strong>Cookies de personalizaci\u00f3n<\/strong>: Son aquellas que permiten al usuario acceder al servicio con algunas caracter\u00edsticas de car\u00e1cter general predefinidas en funci\u00f3n de una serie de criterios en el terminal del usuario como por ejemplo serian el idioma o el tipo de navegador a trav\u00e9s del cual se conecta al servicio.<\/p><p><strong>Cookies publicitarias<\/strong>: Son aqu\u00e9llas que, bien tratadas por esta web\u00a0o por\u00a0terceros, permiten gestionar de la forma m\u00e1s eficaz posible la oferta de\u00a0los espacios publicitarios que hay en la p\u00e1gina web, adecuando el contenido\u00a0del anuncio al contenido del servicio solicitado o al uso que realice de nuestra\u00a0p\u00e1gina web. Para ello podemos analizar sus h\u00e1bitos de navegaci\u00f3n en Internet\u00a0y podemos mostrarle publicidad relacionada con su perfil de navegaci\u00f3n.<\/p><p><strong>Cookies de publicidad comportamental<\/strong>: Son aquellas que permiten la gesti\u00f3n, de la forma m\u00e1s eficaz posible, de los espacios publicitarios que, en su caso, el editor haya incluido en una p\u00e1gina web, aplicaci\u00f3n o plataforma desde la que presta el servicio solicitado. Este tipo de cookies almacenan informaci\u00f3n del comportamiento de los visitantes\u00a0obtenida a trav\u00e9s de la observaci\u00f3n continuada de sus h\u00e1bitos de navegaci\u00f3n, lo que permite desarrollar un perfil espec\u00edfico para mostrar avisos publicitarios\u00a0en funci\u00f3n del mismo.<\/p><h3>DESACTIVAR LAS COOKIES.<\/h3><p>Puede usted\u00a0<strong>permitir, bloquear o eliminar las cookies<\/strong>\u00a0instaladas en su equipo\u00a0mediante la configuraci\u00f3n de las opciones del navegador instalado en su\u00a0ordenador.<\/p><p>En la mayor\u00eda de los navegadores web se ofrece la posibilidad de permitir, bloquear o eliminar las cookies instaladas en su equipo.<\/p><p>A continuaci\u00f3n puede acceder a la configuraci\u00f3n de los navegadores webs m\u00e1s frecuentes para aceptar, instalar o desactivar las cookies:<\/p><p><a href=\"https:\/\/support.google.com\/chrome\/answer\/95647?hl=es\" target=\"_blank\" rel=\"noopener\">Configurar cookies en Google Chrome<\/a><\/p><p><a href=\"http:\/\/windows.microsoft.com\/es-es\/windows7\/how-to-manage-cookies-in-internet-explorer-9\" target=\"_blank\" rel=\"noopener\">Configurar cookies en Microsoft Internet Explorer<\/a><\/p><p><a href=\"https:\/\/support.mozilla.org\/es\/kb\/habilitar-y-deshabilitar-cookies-sitios-web-rastrear-preferencias?redirectlocale=es&amp;redirectslug=habilitar-y-deshabilitar-cookies-que-los-sitios-we\" target=\"_blank\" rel=\"noopener\">Configurar cookies en Mozilla Firefox<\/a><\/p><p><a href=\"https:\/\/support.apple.com\/es-es\/HT201265\" target=\"_blank\" rel=\"noopener\">Configurar cookies en Safari (Apple)<\/a><\/p><h3>COOKIES DE TERCEROS.<\/h3><p>Esta p\u00e1gina web utiliza\u00a0servicios de terceros para recopilar informaci\u00f3n con fines estad\u00edsticos y de uso de la web. Se usan cookies de DoubleClick para mejorar la publicidad que se incluye en el sitio web. Son utilizadas para orientar la publicidad seg\u00fan el contenido que es relevante para un usuario, mejorando as\u00ed la calidad de experiencia en el uso del mismo.<\/p><p>En concreto, usamos los servicios de Google Adsense y de Google Analytics para nuestras estad\u00edsticas y publicidad. Algunas cookies son esenciales para el funcionamiento del sitio, por ejemplo el buscador incorporado.<\/p><p>Nuestro sitio incluye otras funcionalidades proporcionadas por terceros. Usted puede f\u00e1cilmente compartir el contenido en redes sociales como Facebook, Twitter o Google +, con los botones que hemos incluido a tal efecto.<\/p><h4>ADVERTENCIA SOBRE ELIMINAR\u00a0COOKIES.<\/h4><p>Usted puede eliminar y bloquear todas las cookies de este sitio, pero parte del sitio no funcionar\u00e1 o la calidad de la p\u00e1gina web puede verse afectada.<\/p><p>Si tiene cualquier duda acerca de\u00a0nuestra pol\u00edtica de cookies, puede contactar con esta p\u00e1gina web a trav\u00e9s de nuestros canales de Contacto.<\/p>\t\t\t\t\t\t<\/div>\n\t\t\t\t<\/div>\n\t\t\t\t<div class=\"elementor-element elementor-element-0685518 elementor-align-center elementor-mobile-align-center elementor-invisible elementor-widget elementor-widget-button\" data-id=\"0685518\" data-element_type=\"widget\" data-settings=\"{&quot;_animation&quot;:&quot;shake&quot;,&quot;_animation_delay&quot;:3}\" data-widget_type=\"button.default\">\n\t\t\t\t<div class=\"elementor-widget-container\">\n\t\t\t\t\t<div class=\"elementor-button-wrapper\">\n\t\t\t<a class=\"elementor-button elementor-button-link elementor-size-sm elementor-animation-wobble-horizontal\" href=\"https:\/\/bestfriendsmark.com\/index.php\/contactanos\/\" target=\"_blank\">\n\t\t\t\t\t\t<span class=\"elementor-button-content-wrapper\">\n\t\t\t\t\t\t<span class=\"elementor-button-icon\">\n\t\t\t\t<i aria-hidden=\"true\" class=\"fas fa-arrow-right\"><\/i>\t\t\t<\/span>\n\t\t\t\t\t\t\t\t\t<span class=\"elementor-button-text\">CONT\u00c1CTANOS<\/span>\n\t\t\t\t\t<\/span>\n\t\t\t\t\t<\/a>\n\t\t<\/div>\n\t\t\t\t<\/div>\n\t\t\t\t<\/div>\n\t\t\t\t\t<\/div>\n\t\t<\/div>\n\t\t\t\t\t<\/div>\n\t\t<\/section>\n\t\t\t\t<\/div>\n\t\t","protected":false},"excerpt":{"rendered":"<p>Tratamiento de datos personales a trav\u00e9s de las Cookies. Las cookies son archivos que recogen informaci\u00f3n a trav\u00e9s de una p\u00e1gina web sobre los h\u00e1bitos de navegaci\u00f3n de un usuario o de su equipo y eventualmente podr\u00edan conformar una base de datos de acuerdo a la definici\u00f3n legal de la Ley 1581 de 2012 al &hellip;<\/p>\n<p class=\"read-more\"> <a class=\"\" href=\"https:\/\/bestfriendsmark.com\/index.php\/cookies\/\"> <span class=\"screen-reader-text\">COOKIES<\/span> Leer m\u00e1s &raquo;<\/a><\/p>\n","protected":false},"author":1,"featured_media":0,"parent":0,"menu_order":0,"comment_status":"closed","ping_status":"closed","template":"","meta":{"om_disable_all_campaigns":false,"_monsterinsights_skip_tracking":false,"_monsterinsights_sitenote_active":false,"_monsterinsights_sitenote_note":"","_monsterinsights_sitenote_category":0,"site-sidebar-layout":"no-sidebar","site-content-layout":"page-builder","ast-global-header-display":"","ast-banner-title-visibility":"","ast-main-header-display":"","ast-hfb-above-header-display":"","ast-hfb-below-header-display":"","ast-hfb-mobile-header-display":"","site-post-title":"disabled","ast-breadcrumbs-content":"","ast-featured-img":"disabled","footer-sml-layout":"","theme-transparent-header-meta":"","adv-header-id-meta":"","stick-header-meta":"","header-above-stick-meta":"","header-main-stick-meta":"","header-below-stick-meta":""},"aioseo_notices":[],"_links":{"self":[{"href":"https:\/\/bestfriendsmark.com\/index.php\/wp-json\/wp\/v2\/pages\/204"}],"collection":[{"href":"https:\/\/bestfriendsmark.com\/index.php\/wp-json\/wp\/v2\/pages"}],"about":[{"href":"https:\/\/bestfriendsmark.com\/index.php\/wp-json\/wp\/v2\/types\/page"}],"author":[{"embeddable":true,"href":"https:\/\/bestfriendsmark.com\/index.php\/wp-json\/wp\/v2\/users\/1"}],"replies":[{"embeddable":true,"href":"https:\/\/bestfriendsmark.com\/index.php\/wp-json\/wp\/v2\/comments?post=204"}],"version-history":[{"count":5,"href":"https:\/\/bestfriendsmark.com\/index.php\/wp-json\/wp\/v2\/pages\/204\/revisions"}],"predecessor-version":[{"id":3655,"href":"https:\/\/bestfriendsmark.com\/index.php\/wp-json\/wp\/v2\/pages\/204\/revisions\/3655"}],"wp:attachment":[{"href":"https:\/\/bestfriendsmark.com\/index.php\/wp-json\/wp\/v2\/media?parent=204"}],"curies":[{"name":"wp","href":"https:\/\/api.w.org\/{rel}","templated":true}]}}